{"id":11,"date":"2024-07-12T11:06:42","date_gmt":"2024-07-12T09:06:42","guid":{"rendered":"https:\/\/scibatihorizon.com\/?page_id=11"},"modified":"2024-07-16T09:57:44","modified_gmt":"2024-07-16T07:57:44","slug":"nos-services","status":"publish","type":"page","link":"https:\/\/scibatihorizon.com\/index.php\/nos-services\/","title":{"rendered":"Nos services"},"content":{"rendered":"\t\t<div data-elementor-type=\"wp-page\" data-elementor-id=\"11\" class=\"elementor elementor-11\">\n\t\t\t\t<div class=\"elementor-element elementor-element-24f47e7 e-flex e-con-boxed e-con e-parent\" data-id=\"24f47e7\" data-element_type=\"container\">\n\t\t\t\t\t<div class=\"e-con-inner\">\n\t\t\t\t<div class=\"elementor-element elementor-element-a9013c9 elementor-widget elementor-widget-heading\" data-id=\"a9013c9\" data-element_type=\"widget\" data-widget_type=\"heading.default\">\n\t\t\t\t<div class=\"elementor-widget-container\">\n\t\t\t<h1 class=\"elementor-heading-title elementor-size-default\">Nos services <\/h1>\t\t<\/div>\n\t\t\t\t<\/div>\n\t\t\t\t\t<\/div>\n\t\t\t\t<\/div>\n\t\t<div class=\"elementor-element elementor-element-81224b5 e-flex e-con-boxed e-con e-parent\" data-id=\"81224b5\" data-element_type=\"container\">\n\t\t\t\t\t<div class=\"e-con-inner\">\n\t\t<div class=\"elementor-element elementor-element-eefd817 e-con-full e-flex e-con e-child\" data-id=\"eefd817\" data-element_type=\"container\">\n\t\t\t\t<div class=\"elementor-element elementor-element-39c89db elementor-position-top elementor-widget elementor-widget-image-box\" data-id=\"39c89db\" data-element_type=\"widget\" data-widget_type=\"image-box.default\">\n\t\t\t\t<div class=\"elementor-widget-container\">\n\t\t\t<div class=\"elementor-image-box-wrapper\"><figure class=\"elementor-image-box-img\"><img fetchpriority=\"high\" decoding=\"async\" width=\"552\" height=\"552\" src=\"https:\/\/scibatihorizon.com\/wp-content\/uploads\/2024\/07\/lise0723_defferente_photo_reel_dans_des_travaux_industriel_fcfec848-7058-4128-b274-9d24382df6ef.webp\" class=\"attachment-full size-full wp-image-319\" alt=\"\" srcset=\"https:\/\/scibatihorizon.com\/wp-content\/uploads\/2024\/07\/lise0723_defferente_photo_reel_dans_des_travaux_industriel_fcfec848-7058-4128-b274-9d24382df6ef.webp 552w, https:\/\/scibatihorizon.com\/wp-content\/uploads\/2024\/07\/lise0723_defferente_photo_reel_dans_des_travaux_industriel_fcfec848-7058-4128-b274-9d24382df6ef-300x300.webp 300w, https:\/\/scibatihorizon.com\/wp-content\/uploads\/2024\/07\/lise0723_defferente_photo_reel_dans_des_travaux_industriel_fcfec848-7058-4128-b274-9d24382df6ef-150x150.webp 150w\" sizes=\"(max-width: 552px) 100vw, 552px\" \/><\/figure><div class=\"elementor-image-box-content\"><h3 class=\"elementor-image-box-title\">Solution Industrie<\/h3><p class=\"elementor-image-box-description\">SCI BATI HORIZON propose une gamme compl\u00e8te de services pour les industries automobile, agro-alimentaire, sant\u00e9 et pharmaceutique, incluant le nettoyage industriel, la maintenance industrielle, la manutention\/logistique et la t\u00e9l\u00e9 s\u00e9curit\u00e9. Nous offrons \u00e9galement des services sp\u00e9cialis\u00e9s pour l\u2019a\u00e9ronautique, tels que le support \u00e0 l\u2019industrie a\u00e9ronautique et aux op\u00e9rations a\u00e9riennes. Pour les secteurs nucl\u00e9aire et autres milieux sensibles, nous fournissons des services d'ing\u00e9nierie de projets, de travaux et maintenance, d'exploitation et service, ainsi que de gestion des d\u00e9chets, garantissant s\u00e9curit\u00e9 et conformit\u00e9 aux normes strictes.<\/p><\/div><\/div>\t\t<\/div>\n\t\t\t\t<\/div>\n\t\t\t\t<div class=\"elementor-element elementor-element-419d0b2 elementor-align-center elementor-widget elementor-widget-button\" data-id=\"419d0b2\" data-element_type=\"widget\" data-widget_type=\"button.default\">\n\t\t\t\t<div class=\"elementor-widget-container\">\n\t\t\t\t\t\t\t<div class=\"elementor-button-wrapper\">\n\t\t\t\t\t<a class=\"elementor-button elementor-button-link elementor-size-sm\" href=\"https:\/\/scibatihorizon.com\/index.php\/travaux-publics\/\">\n\t\t\t\t\t\t<span class=\"elementor-button-content-wrapper\">\n\t\t\t\t\t\t\t\t\t<span class=\"elementor-button-text\">En savoir plus<\/span>\n\t\t\t\t\t<\/span>\n\t\t\t\t\t<\/a>\n\t\t\t\t<\/div>\n\t\t\t\t\t\t<\/div>\n\t\t\t\t<\/div>\n\t\t\t\t<\/div>\n\t\t<div class=\"elementor-element elementor-element-1465bef e-con-full e-flex e-con e-child\" data-id=\"1465bef\" data-element_type=\"container\">\n\t\t\t\t<div class=\"elementor-element elementor-element-0cf16cf elementor-position-top elementor-widget elementor-widget-image-box\" data-id=\"0cf16cf\" data-element_type=\"widget\" data-widget_type=\"image-box.default\">\n\t\t\t\t<div class=\"elementor-widget-container\">\n\t\t\t<div class=\"elementor-image-box-wrapper\"><figure class=\"elementor-image-box-img\"><img decoding=\"async\" width=\"552\" height=\"552\" src=\"https:\/\/scibatihorizon.com\/wp-content\/uploads\/2024\/07\/lise0723_une_photo_reel_en_lien_avec_tout_ces_pointSOLUTION_TER_ac07e3e6-ab8b-479f-ba83-fb7dc8b15fa7.webp\" class=\"attachment-full size-full wp-image-384\" alt=\"\" srcset=\"https:\/\/scibatihorizon.com\/wp-content\/uploads\/2024\/07\/lise0723_une_photo_reel_en_lien_avec_tout_ces_pointSOLUTION_TER_ac07e3e6-ab8b-479f-ba83-fb7dc8b15fa7.webp 552w, https:\/\/scibatihorizon.com\/wp-content\/uploads\/2024\/07\/lise0723_une_photo_reel_en_lien_avec_tout_ces_pointSOLUTION_TER_ac07e3e6-ab8b-479f-ba83-fb7dc8b15fa7-300x300.webp 300w, https:\/\/scibatihorizon.com\/wp-content\/uploads\/2024\/07\/lise0723_une_photo_reel_en_lien_avec_tout_ces_pointSOLUTION_TER_ac07e3e6-ab8b-479f-ba83-fb7dc8b15fa7-150x150.webp 150w\" sizes=\"(max-width: 552px) 100vw, 552px\" \/><\/figure><div class=\"elementor-image-box-content\"><h3 class=\"elementor-image-box-title\">Solution Tertiaire<\/h3><p class=\"elementor-image-box-description\">SCI BATI HORIZON offre des services complets pour optimiser vos b\u00e2timents et installations, incluant la propret\u00e9, le nettoyage industriel (sant\u00e9, pharmaceutique, agroalimentaire), le g\u00e9nie \u00e9lectrique et climatique, la maintenance multi technique, la manutention\/logistique, la t\u00e9l\u00e9 s\u00e9curit\u00e9 et l'entretien des espaces verts. Nous proposons \u00e9galement des services de conciergerie, d'accueil en entreprise et \u00e9v\u00e9nementiel, de gestion du courrier et de factotum, visant \u00e0 am\u00e9liorer le confort et l'efficacit\u00e9 des espaces de travail pour une satisfaction optimale des occupants.<\/p><\/div><\/div>\t\t<\/div>\n\t\t\t\t<\/div>\n\t\t\t\t<div class=\"elementor-element elementor-element-f01b380 elementor-widget elementor-widget-spacer\" data-id=\"f01b380\" data-element_type=\"widget\" data-widget_type=\"spacer.default\">\n\t\t\t\t<div class=\"elementor-widget-container\">\n\t\t\t\t\t<div class=\"elementor-spacer\">\n\t\t\t<div class=\"elementor-spacer-inner\"><\/div>\n\t\t<\/div>\n\t\t\t\t<\/div>\n\t\t\t\t<\/div>\n\t\t\t\t<div class=\"elementor-element elementor-element-8cfffa5 elementor-align-center elementor-widget elementor-widget-button\" data-id=\"8cfffa5\" data-element_type=\"widget\" data-widget_type=\"button.default\">\n\t\t\t\t<div class=\"elementor-widget-container\">\n\t\t\t\t\t\t\t<div class=\"elementor-button-wrapper\">\n\t\t\t\t\t<a class=\"elementor-button elementor-button-link elementor-size-sm\" href=\"https:\/\/scibatihorizon.com\/index.php\/industriel\/\">\n\t\t\t\t\t\t<span class=\"elementor-button-content-wrapper\">\n\t\t\t\t\t\t\t\t\t<span class=\"elementor-button-text\">En savoir plus<\/span>\n\t\t\t\t\t<\/span>\n\t\t\t\t\t<\/a>\n\t\t\t\t<\/div>\n\t\t\t\t\t\t<\/div>\n\t\t\t\t<\/div>\n\t\t\t\t<\/div>\n\t\t<div class=\"elementor-element elementor-element-322e579 e-con-full e-flex e-con e-child\" data-id=\"322e579\" data-element_type=\"container\">\n\t\t\t\t<div class=\"elementor-element elementor-element-2813d66 elementor-position-top elementor-widget elementor-widget-image-box\" data-id=\"2813d66\" data-element_type=\"widget\" data-widget_type=\"image-box.default\">\n\t\t\t\t<div class=\"elementor-widget-container\">\n\t\t\t<div class=\"elementor-image-box-wrapper\"><figure class=\"elementor-image-box-img\"><img decoding=\"async\" width=\"552\" height=\"552\" src=\"https:\/\/scibatihorizon.com\/wp-content\/uploads\/2024\/07\/lise0723_SCI_BATI_HORIZON_offre_des_services_complets_pour_les__8c9c7b6e-6c32-4283-a4c8-b72b7f7a4440.webp\" class=\"attachment-full size-full wp-image-385\" alt=\"\" srcset=\"https:\/\/scibatihorizon.com\/wp-content\/uploads\/2024\/07\/lise0723_SCI_BATI_HORIZON_offre_des_services_complets_pour_les__8c9c7b6e-6c32-4283-a4c8-b72b7f7a4440.webp 552w, https:\/\/scibatihorizon.com\/wp-content\/uploads\/2024\/07\/lise0723_SCI_BATI_HORIZON_offre_des_services_complets_pour_les__8c9c7b6e-6c32-4283-a4c8-b72b7f7a4440-300x300.webp 300w, https:\/\/scibatihorizon.com\/wp-content\/uploads\/2024\/07\/lise0723_SCI_BATI_HORIZON_offre_des_services_complets_pour_les__8c9c7b6e-6c32-4283-a4c8-b72b7f7a4440-150x150.webp 150w\" sizes=\"(max-width: 552px) 100vw, 552px\" \/><\/figure><div class=\"elementor-image-box-content\"><h3 class=\"elementor-image-box-title\">Solution Espace Urbain<\/h3><p class=\"elementor-image-box-description\">SCI BATI HORIZON offre des services complets pour les espaces urbains, incluant les services r\u00e9seaux et la collecte, tels que le traitement de l\u2019eau, la collecte des d\u00e9chets m\u00e9nagers et la gestion des d\u00e9ch\u00e8teries. Nous proposons \u00e9galement des services pour les villes et les espaces ext\u00e9rieurs, tels que la propret\u00e9 urbaine, l'\u00e9clairage public, l'affichage urbain, la maintenance du mobilier urbain, ainsi que l'entretien des espaces verts et des voiries\/r\u00e9seaux divers (VRD). Nos solutions visent \u00e0 am\u00e9liorer la qualit\u00e9 de vie urbaine et \u00e0 garantir des environnements propres et bien entretenus.<\/p><\/div><\/div>\t\t<\/div>\n\t\t\t\t<\/div>\n\t\t\t\t<div class=\"elementor-element elementor-element-aa75eeb elementor-widget elementor-widget-spacer\" data-id=\"aa75eeb\" data-element_type=\"widget\" data-widget_type=\"spacer.default\">\n\t\t\t\t<div class=\"elementor-widget-container\">\n\t\t\t\t\t<div class=\"elementor-spacer\">\n\t\t\t<div class=\"elementor-spacer-inner\"><\/div>\n\t\t<\/div>\n\t\t\t\t<\/div>\n\t\t\t\t<\/div>\n\t\t\t\t<div class=\"elementor-element elementor-element-3010e8a elementor-align-center elementor-widget elementor-widget-button\" data-id=\"3010e8a\" data-element_type=\"widget\" data-widget_type=\"button.default\">\n\t\t\t\t<div class=\"elementor-widget-container\">\n\t\t\t\t\t\t\t<div class=\"elementor-button-wrapper\">\n\t\t\t\t\t<a class=\"elementor-button elementor-button-link elementor-size-sm\" href=\"https:\/\/scibatihorizon.com\/index.php\/etude-conception\/\">\n\t\t\t\t\t\t<span class=\"elementor-button-content-wrapper\">\n\t\t\t\t\t\t\t\t\t<span class=\"elementor-button-text\">En savoir plus <\/span>\n\t\t\t\t\t<\/span>\n\t\t\t\t\t<\/a>\n\t\t\t\t<\/div>\n\t\t\t\t\t\t<\/div>\n\t\t\t\t<\/div>\n\t\t\t\t<\/div>\n\t\t\t\t\t<\/div>\n\t\t\t\t<\/div>\n\t\t<div class=\"elementor-element elementor-element-f7de2aa e-flex e-con-boxed e-con e-parent\" data-id=\"f7de2aa\" data-element_type=\"container\">\n\t\t\t\t\t<div class=\"e-con-inner\">\n\t\t<div class=\"elementor-element elementor-element-941c9d6 e-con-full e-flex e-con e-child\" data-id=\"941c9d6\" data-element_type=\"container\">\n\t\t\t\t<div class=\"elementor-element elementor-element-c4181d7 elementor-widget elementor-widget-spacer\" data-id=\"c4181d7\" data-element_type=\"widget\" data-widget_type=\"spacer.default\">\n\t\t\t\t<div class=\"elementor-widget-container\">\n\t\t\t\t\t<div class=\"elementor-spacer\">\n\t\t\t<div class=\"elementor-spacer-inner\"><\/div>\n\t\t<\/div>\n\t\t\t\t<\/div>\n\t\t\t\t<\/div>\n\t\t\t\t<\/div>\n\t\t<div class=\"elementor-element elementor-element-65faca7 e-con-full e-flex e-con e-child\" data-id=\"65faca7\" data-element_type=\"container\">\n\t\t\t\t<div class=\"elementor-element elementor-element-7daf2c9 elementor-widget elementor-widget-spacer\" data-id=\"7daf2c9\" data-element_type=\"widget\" data-widget_type=\"spacer.default\">\n\t\t\t\t<div class=\"elementor-widget-container\">\n\t\t\t\t\t<div class=\"elementor-spacer\">\n\t\t\t<div class=\"elementor-spacer-inner\"><\/div>\n\t\t<\/div>\n\t\t\t\t<\/div>\n\t\t\t\t<\/div>\n\t\t\t\t<\/div>\n\t\t<div class=\"elementor-element elementor-element-b8eba22 e-con-full e-flex e-con e-child\" data-id=\"b8eba22\" data-element_type=\"container\">\n\t\t\t\t<div class=\"elementor-element elementor-element-9c2cd46 elementor-widget elementor-widget-spacer\" data-id=\"9c2cd46\" data-element_type=\"widget\" data-widget_type=\"spacer.default\">\n\t\t\t\t<div class=\"elementor-widget-container\">\n\t\t\t\t\t<div class=\"elementor-spacer\">\n\t\t\t<div class=\"elementor-spacer-inner\"><\/div>\n\t\t<\/div>\n\t\t\t\t<\/div>\n\t\t\t\t<\/div>\n\t\t\t\t<\/div>\n\t\t\t\t\t<\/div>\n\t\t\t\t<\/div>\n\t\t<div class=\"elementor-element elementor-element-57d247d e-con-full e-flex e-con e-parent\" data-id=\"57d247d\" data-element_type=\"container\">\n\t\t\t\t<div class=\"elementor-element elementor-element-f31dab1 elementor-widget-divider--separator-type-pattern elementor-widget-divider--view-line elementor-widget elementor-widget-divider\" data-id=\"f31dab1\" data-element_type=\"widget\" data-widget_type=\"divider.default\">\n\t\t\t\t<div class=\"elementor-widget-container\">\n\t\t\t\t\t<div class=\"elementor-divider\" style=\"--divider-pattern-url: url(&quot;data:image\/svg+xml,%3Csvg xmlns=&#039;http:\/\/www.w3.org\/2000\/svg&#039; preserveAspectRatio=&#039;none&#039; overflow=&#039;visible&#039; height=&#039;100%&#039; viewBox=&#039;0 0 20 16&#039; fill=&#039;none&#039; stroke=&#039;black&#039; stroke-width=&#039;1&#039; stroke-linecap=&#039;square&#039; stroke-miterlimit=&#039;10&#039;%3E%3Cg transform=&#039;translate(-12.000000, 0)&#039;%3E%3Cpath d=&#039;M28,0L10,18&#039;\/%3E%3Cpath d=&#039;M18,0L0,18&#039;\/%3E%3Cpath d=&#039;M48,0L30,18&#039;\/%3E%3Cpath d=&#039;M38,0L20,18&#039;\/%3E%3C\/g%3E%3C\/svg%3E&quot;);\">\n\t\t\t<span class=\"elementor-divider-separator\">\n\t\t\t\t\t\t<\/span>\n\t\t<\/div>\n\t\t\t\t<\/div>\n\t\t\t\t<\/div>\n\t\t\t\t<\/div>\n\t\t\t\t<\/div>\n\t\t","protected":false},"excerpt":{"rendered":"<p>Nos services Solution Industrie SCI BATI HORIZON propose une gamme compl\u00e8te de services pour les industries automobile, agro-alimentaire, sant\u00e9 et pharmaceutique, incluant le nettoyage industriel, la maintenance industrielle, la manutention\/logistique et la t\u00e9l\u00e9 s\u00e9curit\u00e9. Nous offrons \u00e9galement des services sp\u00e9cialis\u00e9s pour l\u2019a\u00e9ronautique, tels que le support \u00e0 l\u2019industrie a\u00e9ronautique et aux op\u00e9rations a\u00e9riennes. Pour les&#8230;<\/p>\n","protected":false},"author":1,"featured_media":0,"parent":0,"menu_order":0,"comment_status":"closed","ping_status":"closed","template":"","meta":{"_kad_post_transparent":"","_kad_post_title":"hide","_kad_post_layout":"fullwidth","_kad_post_sidebar_id":"","_kad_post_content_style":"unboxed","_kad_post_vertical_padding":"hide","_kad_post_feature":"hide","_kad_post_feature_position":"","_kad_post_header":false,"_kad_post_footer":false,"footnotes":""},"class_list":["post-11","page","type-page","status-publish","hentry"],"_links":{"self":[{"href":"https:\/\/scibatihorizon.com\/index.php\/wp-json\/wp\/v2\/pages\/11","targetHints":{"allow":["GET"]}}],"collection":[{"href":"https:\/\/scibatihorizon.com\/index.php\/wp-json\/wp\/v2\/pages"}],"about":[{"href":"https:\/\/scibatihorizon.com\/index.php\/wp-json\/wp\/v2\/types\/page"}],"author":[{"embeddable":true,"href":"https:\/\/scibatihorizon.com\/index.php\/wp-json\/wp\/v2\/users\/1"}],"replies":[{"embeddable":true,"href":"https:\/\/scibatihorizon.com\/index.php\/wp-json\/wp\/v2\/comments?post=11"}],"version-history":[{"count":37,"href":"https:\/\/scibatihorizon.com\/index.php\/wp-json\/wp\/v2\/pages\/11\/revisions"}],"predecessor-version":[{"id":504,"href":"https:\/\/scibatihorizon.com\/index.php\/wp-json\/wp\/v2\/pages\/11\/revisions\/504"}],"wp:attachment":[{"href":"https:\/\/scibatihorizon.com\/index.php\/wp-json\/wp\/v2\/media?parent=11"}],"curies":[{"name":"wp","href":"https:\/\/api.w.org\/{rel}","templated":true}]}}