{"id":23,"date":"2024-07-12T11:16:53","date_gmt":"2024-07-12T09:16:53","guid":{"rendered":"https:\/\/scibatihorizon.com\/?page_id=23"},"modified":"2024-07-16T10:33:48","modified_gmt":"2024-07-16T08:33:48","slug":"travaux-publics","status":"publish","type":"page","link":"https:\/\/scibatihorizon.com\/index.php\/travaux-publics\/","title":{"rendered":"Solution industrie"},"content":{"rendered":"\t\t<div data-elementor-type=\"wp-page\" data-elementor-id=\"23\" class=\"elementor elementor-23\">\n\t\t\t\t<div class=\"elementor-element elementor-element-ba3a1df e-con-full e-flex e-con e-parent\" data-id=\"ba3a1df\" data-element_type=\"container\" data-settings=\"{&quot;background_background&quot;:&quot;slideshow&quot;,&quot;background_slideshow_gallery&quot;:[],&quot;background_slideshow_loop&quot;:&quot;yes&quot;,&quot;background_slideshow_slide_duration&quot;:5000,&quot;background_slideshow_slide_transition&quot;:&quot;fade&quot;,&quot;background_slideshow_transition_duration&quot;:500}\">\n\t\t\t\t<div class=\"elementor-element elementor-element-e0b7b1b elementor-widget elementor-widget-heading\" data-id=\"e0b7b1b\" data-element_type=\"widget\" data-widget_type=\"heading.default\">\n\t\t\t\t<div class=\"elementor-widget-container\">\n\t\t\t<h2 class=\"elementor-heading-title elementor-size-default\">\nSolutions IndustrieS<\/h2>\t\t<\/div>\n\t\t\t\t<\/div>\n\t\t\t\t<\/div>\n\t\t<div class=\"elementor-element elementor-element-e4a3591 e-flex e-con-boxed e-con e-parent\" data-id=\"e4a3591\" data-element_type=\"container\">\n\t\t\t\t\t<div class=\"e-con-inner\">\n\t\t\t\t<div class=\"elementor-element elementor-element-b88567c elementor-widget elementor-widget-heading\" data-id=\"b88567c\" data-element_type=\"widget\" data-widget_type=\"heading.default\">\n\t\t\t\t<div class=\"elementor-widget-container\">\n\t\t\t<h2 class=\"elementor-heading-title elementor-size-default\">Services aux Industries Automobile, Agro-alimentaire, Sant\u00e9 &amp; Pharmaceutique<\/h2>\t\t<\/div>\n\t\t\t\t<\/div>\n\t\t\t\t\t<\/div>\n\t\t\t\t<\/div>\n\t\t<div class=\"elementor-element elementor-element-6f7d7b2 e-con-full e-flex elementor-invisible e-con e-parent\" data-id=\"6f7d7b2\" data-element_type=\"container\" data-settings=\"{&quot;animation&quot;:&quot;fadeInDown&quot;}\">\n\t\t<div class=\"elementor-element elementor-element-fe1f0bb e-con-full e-flex e-con e-child\" data-id=\"fe1f0bb\" data-element_type=\"container\">\n\t\t\t\t<div class=\"elementor-element elementor-element-ca05f0c elementor-widget elementor-widget-heading\" data-id=\"ca05f0c\" data-element_type=\"widget\" data-widget_type=\"heading.default\">\n\t\t\t\t<div class=\"elementor-widget-container\">\n\t\t\t<h2 class=\"elementor-heading-title elementor-size-default\">Nettoyage Industriel<\/h2>\t\t<\/div>\n\t\t\t\t<\/div>\n\t\t\t\t<div class=\"elementor-element elementor-element-d66e710 elementor-widget elementor-widget-text-editor\" data-id=\"d66e710\" data-element_type=\"widget\" data-widget_type=\"text-editor.default\">\n\t\t\t\t<div class=\"elementor-widget-container\">\n\t\t\t\t\t\t\t<p>Nous offrons des services de nettoyage industriel sp\u00e9cialis\u00e9s pour maintenir des environnements de production propres et s\u00fbrs, essentiels pour les industries automobile, agro-alimentaire, sant\u00e9 et pharmaceutique. Nos \u00e9quipes utilisent des \u00e9quipements de pointe et des m\u00e9thodes efficaces pour garantir une hygi\u00e8ne impeccable.<\/p>\t\t\t\t\t\t<\/div>\n\t\t\t\t<\/div>\n\t\t\t\t<\/div>\n\t\t<div class=\"elementor-element elementor-element-0b17c33 e-con-full e-flex e-con e-child\" data-id=\"0b17c33\" data-element_type=\"container\">\n\t\t\t\t<div class=\"elementor-element elementor-element-4a78fcd elementor-widget elementor-widget-heading\" data-id=\"4a78fcd\" data-element_type=\"widget\" data-widget_type=\"heading.default\">\n\t\t\t\t<div class=\"elementor-widget-container\">\n\t\t\t<h2 class=\"elementor-heading-title elementor-size-default\">Maintenance Industrielle<\/h2>\t\t<\/div>\n\t\t\t\t<\/div>\n\t\t\t\t<div class=\"elementor-element elementor-element-9b0601b elementor-widget elementor-widget-text-editor\" data-id=\"9b0601b\" data-element_type=\"widget\" data-widget_type=\"text-editor.default\">\n\t\t\t\t<div class=\"elementor-widget-container\">\n\t\t\t\t\t\t\t<p><br \/>Nos services de maintenance industrielle assurent le bon fonctionnement et la long\u00e9vit\u00e9 de vos \u00e9quipements. Nous proposons des solutions de maintenance pr\u00e9ventive et corrective pour minimiser les temps d&rsquo;arr\u00eat et maximiser la productivit\u00e9.<\/p>\t\t\t\t\t\t<\/div>\n\t\t\t\t<\/div>\n\t\t\t\t<\/div>\n\t\t<div class=\"elementor-element elementor-element-ffba079 e-con-full e-flex e-con e-child\" data-id=\"ffba079\" data-element_type=\"container\">\n\t\t\t\t<div class=\"elementor-element elementor-element-711d629 elementor-widget elementor-widget-heading\" data-id=\"711d629\" data-element_type=\"widget\" data-widget_type=\"heading.default\">\n\t\t\t\t<div class=\"elementor-widget-container\">\n\t\t\t<h2 class=\"elementor-heading-title elementor-size-default\">Manutention \/ Logistique<\/h2>\t\t<\/div>\n\t\t\t\t<\/div>\n\t\t\t\t<div class=\"elementor-element elementor-element-5f99c9a elementor-widget elementor-widget-text-editor\" data-id=\"5f99c9a\" data-element_type=\"widget\" data-widget_type=\"text-editor.default\">\n\t\t\t\t<div class=\"elementor-widget-container\">\n\t\t\t\t\t\t\t<p><br \/>Nous fournissons des services de manutention et de logistique pour optimiser les flux de mat\u00e9riaux et de produits au sein de vos installations. Nos solutions logistiques sont con\u00e7ues pour am\u00e9liorer l&rsquo;efficacit\u00e9 et r\u00e9duire les co\u00fbts op\u00e9rationnels.<\/p>\t\t\t\t\t\t<\/div>\n\t\t\t\t<\/div>\n\t\t\t\t<\/div>\n\t\t<div class=\"elementor-element elementor-element-b86b03e e-con-full e-flex e-con e-child\" data-id=\"b86b03e\" data-element_type=\"container\">\n\t\t\t\t<div class=\"elementor-element elementor-element-452879d elementor-widget elementor-widget-heading\" data-id=\"452879d\" data-element_type=\"widget\" data-widget_type=\"heading.default\">\n\t\t\t\t<div class=\"elementor-widget-container\">\n\t\t\t<h2 class=\"elementor-heading-title elementor-size-default\">T\u00e9l\u00e9 S\u00e9curit\u00e9<\/h2>\t\t<\/div>\n\t\t\t\t<\/div>\n\t\t\t\t<div class=\"elementor-element elementor-element-45f7a97 elementor-widget elementor-widget-text-editor\" data-id=\"45f7a97\" data-element_type=\"widget\" data-widget_type=\"text-editor.default\">\n\t\t\t\t<div class=\"elementor-widget-container\">\n\t\t\t\t\t\t\t<p><br \/>Nos services de t\u00e9l\u00e9 s\u00e9curit\u00e9 offrent une surveillance \u00e0 distance et une protection renforc\u00e9e pour vos installations industrielles. Nous utilisons des technologies avanc\u00e9es pour d\u00e9tecter et pr\u00e9venir les intrusions, assurant ainsi la s\u00e9curit\u00e9 de vos biens et de votre personnel.<\/p>\t\t\t\t\t\t<\/div>\n\t\t\t\t<\/div>\n\t\t\t\t<\/div>\n\t\t\t\t<\/div>\n\t\t<div class=\"elementor-element elementor-element-25bc523 e-flex e-con-boxed e-con e-parent\" data-id=\"25bc523\" data-element_type=\"container\">\n\t\t\t\t\t<div class=\"e-con-inner\">\n\t\t\t\t<div class=\"elementor-element elementor-element-264f8a2 elementor-widget elementor-widget-heading\" data-id=\"264f8a2\" data-element_type=\"widget\" data-widget_type=\"heading.default\">\n\t\t\t\t<div class=\"elementor-widget-container\">\n\t\t\t<h2 class=\"elementor-heading-title elementor-size-default\">Services \u00e0 l\u2019A\u00e9ronautique<\/h2>\t\t<\/div>\n\t\t\t\t<\/div>\n\t\t\t\t\t<\/div>\n\t\t\t\t<\/div>\n\t\t<div class=\"elementor-element elementor-element-12fef4a e-con-full e-flex elementor-invisible e-con e-parent\" data-id=\"12fef4a\" data-element_type=\"container\" data-settings=\"{&quot;animation&quot;:&quot;fadeInDown&quot;}\">\n\t\t<div class=\"elementor-element elementor-element-37fcbef e-con-full e-flex e-con e-child\" data-id=\"37fcbef\" data-element_type=\"container\">\n\t\t\t\t<div class=\"elementor-element elementor-element-78f984b elementor-widget elementor-widget-heading\" data-id=\"78f984b\" data-element_type=\"widget\" data-widget_type=\"heading.default\">\n\t\t\t\t<div class=\"elementor-widget-container\">\n\t\t\t<h2 class=\"elementor-heading-title elementor-size-default\">Support \u00e0 l\u2019Industrie A\u00e9ronautique<\/h2>\t\t<\/div>\n\t\t\t\t<\/div>\n\t\t\t\t<div class=\"elementor-element elementor-element-90166db elementor-widget elementor-widget-text-editor\" data-id=\"90166db\" data-element_type=\"widget\" data-widget_type=\"text-editor.default\">\n\t\t\t\t<div class=\"elementor-widget-container\">\n\t\t\t\t\t\t\t<p>Nous fournissons un soutien complet \u00e0 l&rsquo;industrie a\u00e9ronautique, incluant la maintenance des \u00e9quipements, l&rsquo;inspection et la r\u00e9paration des a\u00e9ronefs. Nos services sont con\u00e7us pour garantir la s\u00e9curit\u00e9 et la conformit\u00e9 r\u00e9glementaire.<\/p><p>\u00a0<\/p>\t\t\t\t\t\t<\/div>\n\t\t\t\t<\/div>\n\t\t\t\t<\/div>\n\t\t<div class=\"elementor-element elementor-element-5b01296 e-con-full e-flex e-con e-child\" data-id=\"5b01296\" data-element_type=\"container\">\n\t\t\t\t<div class=\"elementor-element elementor-element-4285511 elementor-widget elementor-widget-heading\" data-id=\"4285511\" data-element_type=\"widget\" data-widget_type=\"heading.default\">\n\t\t\t\t<div class=\"elementor-widget-container\">\n\t\t\t<h2 class=\"elementor-heading-title elementor-size-default\">Support aux Op\u00e9rations A\u00e9riennes<\/h2>\t\t<\/div>\n\t\t\t\t<\/div>\n\t\t\t\t<div class=\"elementor-element elementor-element-a4f2f37 elementor-widget elementor-widget-text-editor\" data-id=\"a4f2f37\" data-element_type=\"widget\" data-widget_type=\"text-editor.default\">\n\t\t\t\t<div class=\"elementor-widget-container\">\n\t\t\t\t\t\t\t<p>Nos services de support aux op\u00e9rations a\u00e9riennes comprennent la gestion des op\u00e9rations au sol, la coordination des vols et l&rsquo;assistance technique. Nous travaillons en \u00e9troite collaboration avec les compagnies a\u00e9riennes pour assurer des op\u00e9rations fluides et efficaces.<\/p>\t\t\t\t\t\t<\/div>\n\t\t\t\t<\/div>\n\t\t\t\t<\/div>\n\t\t\t\t<\/div>\n\t\t<div class=\"elementor-element elementor-element-93f8d2f e-flex e-con-boxed e-con e-parent\" data-id=\"93f8d2f\" data-element_type=\"container\">\n\t\t\t\t\t<div class=\"e-con-inner\">\n\t\t\t\t<div class=\"elementor-element elementor-element-c8e8c23 elementor-widget elementor-widget-heading\" data-id=\"c8e8c23\" data-element_type=\"widget\" data-widget_type=\"heading.default\">\n\t\t\t\t<div class=\"elementor-widget-container\">\n\t\t\t<h2 class=\"elementor-heading-title elementor-size-default\">Services au Nucl\u00e9aire &amp; Milieux Sensibles<\/h2>\t\t<\/div>\n\t\t\t\t<\/div>\n\t\t\t\t\t<\/div>\n\t\t\t\t<\/div>\n\t\t<div class=\"elementor-element elementor-element-25e6201 e-con-full e-flex elementor-invisible e-con e-parent\" data-id=\"25e6201\" data-element_type=\"container\" data-settings=\"{&quot;animation&quot;:&quot;fadeInDown&quot;}\">\n\t\t<div class=\"elementor-element elementor-element-71979d2 e-con-full e-flex e-con e-child\" data-id=\"71979d2\" data-element_type=\"container\">\n\t\t\t\t<div class=\"elementor-element elementor-element-db17951 elementor-widget elementor-widget-heading\" data-id=\"db17951\" data-element_type=\"widget\" data-widget_type=\"heading.default\">\n\t\t\t\t<div class=\"elementor-widget-container\">\n\t\t\t<h2 class=\"elementor-heading-title elementor-size-default\">Ing\u00e9nierie de Projets<\/h2>\t\t<\/div>\n\t\t\t\t<\/div>\n\t\t\t\t<div class=\"elementor-element elementor-element-877f4e5 elementor-widget elementor-widget-text-editor\" data-id=\"877f4e5\" data-element_type=\"widget\" data-widget_type=\"text-editor.default\">\n\t\t\t\t<div class=\"elementor-widget-container\">\n\t\t\t\t\t\t\t<p>Nous offrons des services d&rsquo;ing\u00e9nierie pour la conception et la r\u00e9alisation de projets dans le secteur nucl\u00e9aire et autres milieux sensibles. Nos experts garantissent la conformit\u00e9 aux normes de s\u00e9curit\u00e9 les plus strictes et l&rsquo;optimisation des performances.<\/p>\t\t\t\t\t\t<\/div>\n\t\t\t\t<\/div>\n\t\t\t\t<\/div>\n\t\t<div class=\"elementor-element elementor-element-8903d9a e-con-full e-flex e-con e-child\" data-id=\"8903d9a\" data-element_type=\"container\">\n\t\t\t\t<div class=\"elementor-element elementor-element-b54fef7 elementor-widget elementor-widget-heading\" data-id=\"b54fef7\" data-element_type=\"widget\" data-widget_type=\"heading.default\">\n\t\t\t\t<div class=\"elementor-widget-container\">\n\t\t\t<h2 class=\"elementor-heading-title elementor-size-default\">Travaux &amp; Maintenance<\/h2>\t\t<\/div>\n\t\t\t\t<\/div>\n\t\t\t\t<div class=\"elementor-element elementor-element-eeb4b3a elementor-widget elementor-widget-text-editor\" data-id=\"eeb4b3a\" data-element_type=\"widget\" data-widget_type=\"text-editor.default\">\n\t\t\t\t<div class=\"elementor-widget-container\">\n\t\t\t\t\t\t\t<p>Nos \u00e9quipes sp\u00e9cialis\u00e9es ex\u00e9cutent des travaux de construction, de r\u00e9paration et de maintenance dans des environnements sensibles. Nous nous engageons \u00e0 respecter les protocoles de s\u00e9curit\u00e9 et \u00e0 minimiser les impacts environnementaux.<\/p>\t\t\t\t\t\t<\/div>\n\t\t\t\t<\/div>\n\t\t\t\t<\/div>\n\t\t<div class=\"elementor-element elementor-element-2f8886e e-con-full e-flex e-con e-child\" data-id=\"2f8886e\" data-element_type=\"container\">\n\t\t\t\t<div class=\"elementor-element elementor-element-1fae5fb elementor-widget elementor-widget-heading\" data-id=\"1fae5fb\" data-element_type=\"widget\" data-widget_type=\"heading.default\">\n\t\t\t\t<div class=\"elementor-widget-container\">\n\t\t\t<h2 class=\"elementor-heading-title elementor-size-default\">Exploitation &amp; Service<\/h2>\t\t<\/div>\n\t\t\t\t<\/div>\n\t\t\t\t<div class=\"elementor-element elementor-element-8e06a77 elementor-widget elementor-widget-text-editor\" data-id=\"8e06a77\" data-element_type=\"widget\" data-widget_type=\"text-editor.default\">\n\t\t\t\t<div class=\"elementor-widget-container\">\n\t\t\t\t\t\t\t<p>Nous fournissons des services d&rsquo;exploitation pour g\u00e9rer et optimiser les installations dans le secteur nucl\u00e9aire. Nos solutions incluent la gestion des op\u00e9rations quotidiennes et l&rsquo;am\u00e9lioration continue des performances.<\/p>\t\t\t\t\t\t<\/div>\n\t\t\t\t<\/div>\n\t\t\t\t<\/div>\n\t\t<div class=\"elementor-element elementor-element-06e6452 e-con-full e-flex e-con e-child\" data-id=\"06e6452\" data-element_type=\"container\">\n\t\t\t\t<div class=\"elementor-element elementor-element-3ff2356 elementor-widget elementor-widget-heading\" data-id=\"3ff2356\" data-element_type=\"widget\" data-widget_type=\"heading.default\">\n\t\t\t\t<div class=\"elementor-widget-container\">\n\t\t\t<h2 class=\"elementor-heading-title elementor-size-default\">Gestion des D\u00e9chets<\/h2>\t\t<\/div>\n\t\t\t\t<\/div>\n\t\t\t\t<div class=\"elementor-element elementor-element-89927d6 elementor-widget elementor-widget-text-editor\" data-id=\"89927d6\" data-element_type=\"widget\" data-widget_type=\"text-editor.default\">\n\t\t\t\t<div class=\"elementor-widget-container\">\n\t\t\t\t\t\t\t<p>Nous proposons des services de gestion des d\u00e9chets pour les industries sensibles, incluant la collecte, le traitement et la disposition s\u00e9curis\u00e9e des d\u00e9chets. Nos solutions sont con\u00e7ues pour respecter les r\u00e9glementations environnementales et minimiser les risques.<\/p>\t\t\t\t\t\t<\/div>\n\t\t\t\t<\/div>\n\t\t\t\t<\/div>\n\t\t\t\t<\/div>\n\t\t<div class=\"elementor-element elementor-element-5e660f5 e-con-full e-flex e-con e-parent\" data-id=\"5e660f5\" data-element_type=\"container\">\n\t\t\t\t<div class=\"elementor-element elementor-element-77207b2 elementor-widget elementor-widget-shortcode\" data-id=\"77207b2\" data-element_type=\"widget\" data-widget_type=\"shortcode.default\">\n\t\t\t\t<div class=\"elementor-widget-container\">\n\t\t\t\t\t<div class=\"elementor-shortcode\">\t\t<div data-elementor-type=\"wp-post\" data-elementor-id=\"343\" class=\"elementor elementor-343\">\n\t\t\t\t<div class=\"elementor-element elementor-element-e0c8b0b e-con-full e-flex e-con e-parent\" data-id=\"e0c8b0b\" data-element_type=\"container\">\n\t\t\t\t<div class=\"elementor-element elementor-element-f17e2c4 elementor-widget elementor-widget-spacer\" data-id=\"f17e2c4\" data-element_type=\"widget\" data-widget_type=\"spacer.default\">\n\t\t\t\t<div class=\"elementor-widget-container\">\n\t\t\t\t\t<div class=\"elementor-spacer\">\n\t\t\t<div class=\"elementor-spacer-inner\"><\/div>\n\t\t<\/div>\n\t\t\t\t<\/div>\n\t\t\t\t<\/div>\n\t\t\t\t<div class=\"elementor-element elementor-element-3b15a94 elementor-widget elementor-widget-heading\" data-id=\"3b15a94\" data-element_type=\"widget\" data-widget_type=\"heading.default\">\n\t\t\t\t<div class=\"elementor-widget-container\">\n\t\t\t<h2 class=\"elementor-heading-title elementor-size-default\">Vous souhaitez un devis, une prise de contact ?<\/h2>\t\t<\/div>\n\t\t\t\t<\/div>\n\t\t\t\t<div class=\"elementor-element elementor-element-7feba73 elementor-widget elementor-widget-spacer\" data-id=\"7feba73\" data-element_type=\"widget\" data-widget_type=\"spacer.default\">\n\t\t\t\t<div class=\"elementor-widget-container\">\n\t\t\t\t\t<div class=\"elementor-spacer\">\n\t\t\t<div class=\"elementor-spacer-inner\"><\/div>\n\t\t<\/div>\n\t\t\t\t<\/div>\n\t\t\t\t<\/div>\n\t\t\t\t<div class=\"elementor-element elementor-element-8ea514d elementor-align-center elementor-widget elementor-widget-button\" data-id=\"8ea514d\" data-element_type=\"widget\" data-widget_type=\"button.default\">\n\t\t\t\t<div class=\"elementor-widget-container\">\n\t\t\t\t\t\t\t<div class=\"elementor-button-wrapper\">\n\t\t\t\t\t<a class=\"elementor-button elementor-button-link elementor-size-sm\" href=\"https:\/\/scibatihorizon.com\/index.php\/contactez-nous\/\">\n\t\t\t\t\t\t<span class=\"elementor-button-content-wrapper\">\n\t\t\t\t\t\t\t\t\t<span class=\"elementor-button-text\">Contactez-nous<\/span>\n\t\t\t\t\t<\/span>\n\t\t\t\t\t<\/a>\n\t\t\t\t<\/div>\n\t\t\t\t\t\t<\/div>\n\t\t\t\t<\/div>\n\t\t\t\t<\/div>\n\t\t\t\t<\/div>\n\t\t<\/div>\n\t\t\t\t<\/div>\n\t\t\t\t<\/div>\n\t\t\t\t<\/div>\n\t\t\t\t<\/div>\n\t\t","protected":false},"excerpt":{"rendered":"<p>Solutions IndustrieS Services aux Industries Automobile, Agro-alimentaire, Sant\u00e9 &#038; Pharmaceutique Nettoyage Industriel Nous offrons des services de nettoyage industriel sp\u00e9cialis\u00e9s pour maintenir des environnements de production propres et s\u00fbrs, essentiels pour les industries automobile, agro-alimentaire, sant\u00e9 et pharmaceutique. Nos \u00e9quipes utilisent des \u00e9quipements de pointe et des m\u00e9thodes efficaces pour garantir une hygi\u00e8ne impeccable. Maintenance&#8230;<\/p>\n","protected":false},"author":1,"featured_media":0,"parent":0,"menu_order":0,"comment_status":"closed","ping_status":"closed","template":"","meta":{"_kad_post_transparent":"","_kad_post_title":"hide","_kad_post_layout":"fullwidth","_kad_post_sidebar_id":"","_kad_post_content_style":"unboxed","_kad_post_vertical_padding":"hide","_kad_post_feature":"hide","_kad_post_feature_position":"","_kad_post_header":false,"_kad_post_footer":false,"footnotes":""},"class_list":["post-23","page","type-page","status-publish","hentry"],"_links":{"self":[{"href":"https:\/\/scibatihorizon.com\/index.php\/wp-json\/wp\/v2\/pages\/23","targetHints":{"allow":["GET"]}}],"collection":[{"href":"https:\/\/scibatihorizon.com\/index.php\/wp-json\/wp\/v2\/pages"}],"about":[{"href":"https:\/\/scibatihorizon.com\/index.php\/wp-json\/wp\/v2\/types\/page"}],"author":[{"embeddable":true,"href":"https:\/\/scibatihorizon.com\/index.php\/wp-json\/wp\/v2\/users\/1"}],"replies":[{"embeddable":true,"href":"https:\/\/scibatihorizon.com\/index.php\/wp-json\/wp\/v2\/comments?post=23"}],"version-history":[{"count":23,"href":"https:\/\/scibatihorizon.com\/index.php\/wp-json\/wp\/v2\/pages\/23\/revisions"}],"predecessor-version":[{"id":535,"href":"https:\/\/scibatihorizon.com\/index.php\/wp-json\/wp\/v2\/pages\/23\/revisions\/535"}],"wp:attachment":[{"href":"https:\/\/scibatihorizon.com\/index.php\/wp-json\/wp\/v2\/media?parent=23"}],"curies":[{"name":"wp","href":"https:\/\/api.w.org\/{rel}","templated":true}]}}