{"id":27,"date":"2024-07-12T11:17:41","date_gmt":"2024-07-12T09:17:41","guid":{"rendered":"https:\/\/scibatihorizon.com\/?page_id=27"},"modified":"2024-07-16T09:02:16","modified_gmt":"2024-07-16T07:02:16","slug":"etude-conception","status":"publish","type":"page","link":"https:\/\/scibatihorizon.com\/index.php\/etude-conception\/","title":{"rendered":"SOLUTION ESPACE URBAIN"},"content":{"rendered":"\t\t<div data-elementor-type=\"wp-page\" data-elementor-id=\"27\" class=\"elementor elementor-27\">\n\t\t\t\t<div class=\"elementor-element elementor-element-af35c5c e-con-full e-flex e-con e-parent\" data-id=\"af35c5c\" data-element_type=\"container\">\n\t\t\t\t<div class=\"elementor-element elementor-element-9daaea6 elementor-widget elementor-widget-spacer\" data-id=\"9daaea6\" data-element_type=\"widget\" data-widget_type=\"spacer.default\">\n\t\t\t\t<div class=\"elementor-widget-container\">\n\t\t\t\t\t<div class=\"elementor-spacer\">\n\t\t\t<div class=\"elementor-spacer-inner\"><\/div>\n\t\t<\/div>\n\t\t\t\t<\/div>\n\t\t\t\t<\/div>\n\t\t\t\t<div class=\"elementor-element elementor-element-1154f42 elementor-widget elementor-widget-heading\" data-id=\"1154f42\" data-element_type=\"widget\" data-widget_type=\"heading.default\">\n\t\t\t\t<div class=\"elementor-widget-container\">\n\t\t\t<h1 class=\"elementor-heading-title elementor-size-default\">Solution Espace Urbain<\/h1>\t\t<\/div>\n\t\t\t\t<\/div>\n\t\t\t\t<div class=\"elementor-element elementor-element-1dce160 elementor-widget elementor-widget-spacer\" data-id=\"1dce160\" data-element_type=\"widget\" data-widget_type=\"spacer.default\">\n\t\t\t\t<div class=\"elementor-widget-container\">\n\t\t\t\t\t<div class=\"elementor-spacer\">\n\t\t\t<div class=\"elementor-spacer-inner\"><\/div>\n\t\t<\/div>\n\t\t\t\t<\/div>\n\t\t\t\t<\/div>\n\t\t\t\t<\/div>\n\t\t<div class=\"elementor-element elementor-element-557fb33 e-flex e-con-boxed e-con e-parent\" data-id=\"557fb33\" data-element_type=\"container\">\n\t\t\t\t\t<div class=\"e-con-inner\">\n\t\t\t\t<div class=\"elementor-element elementor-element-2cf0d4a elementor-widget elementor-widget-heading\" data-id=\"2cf0d4a\" data-element_type=\"widget\" data-widget_type=\"heading.default\">\n\t\t\t\t<div class=\"elementor-widget-container\">\n\t\t\t<h2 class=\"elementor-heading-title elementor-size-default\">Services R\u00e9seaux &amp; Collecte<\/h2>\t\t<\/div>\n\t\t\t\t<\/div>\n\t\t\t\t\t<\/div>\n\t\t\t\t<\/div>\n\t\t<div class=\"elementor-element elementor-element-c62605c e-flex e-con-boxed e-con e-parent\" data-id=\"c62605c\" data-element_type=\"container\">\n\t\t\t\t\t<div class=\"e-con-inner\">\n\t\t<div class=\"elementor-element elementor-element-75c8495 e-con-full e-flex elementor-invisible e-con e-child\" data-id=\"75c8495\" data-element_type=\"container\" data-settings=\"{&quot;animation&quot;:&quot;fadeInDown&quot;}\">\n\t\t<div class=\"elementor-element elementor-element-5388409 e-con-full e-flex e-con e-child\" data-id=\"5388409\" data-element_type=\"container\">\n\t\t\t\t<div class=\"elementor-element elementor-element-e9781b9 elementor-widget elementor-widget-heading\" data-id=\"e9781b9\" data-element_type=\"widget\" data-widget_type=\"heading.default\">\n\t\t\t\t<div class=\"elementor-widget-container\">\n\t\t\t<h3 class=\"elementor-heading-title elementor-size-default\">Traitement de l\u2019Eau<\/h3>\t\t<\/div>\n\t\t\t\t<\/div>\n\t\t\t\t<div class=\"elementor-element elementor-element-6ce801a elementor-widget elementor-widget-text-editor\" data-id=\"6ce801a\" data-element_type=\"widget\" data-widget_type=\"text-editor.default\">\n\t\t\t\t<div class=\"elementor-widget-container\">\n\t\t\t\t\t\t\t<p>Nous offrons des solutions de traitement de l\u2019eau pour assurer une eau propre et potable. Nos services incluent la purification, la filtration et la gestion des syst\u00e8mes de distribution d&rsquo;eau.<\/p><p>\u00a0<\/p>\t\t\t\t\t\t<\/div>\n\t\t\t\t<\/div>\n\t\t\t\t<\/div>\n\t\t<div class=\"elementor-element elementor-element-809be60 e-con-full e-flex e-con e-child\" data-id=\"809be60\" data-element_type=\"container\">\n\t\t\t\t<div class=\"elementor-element elementor-element-28fe7b8 elementor-widget elementor-widget-heading\" data-id=\"28fe7b8\" data-element_type=\"widget\" data-widget_type=\"heading.default\">\n\t\t\t\t<div class=\"elementor-widget-container\">\n\t\t\t<h3 class=\"elementor-heading-title elementor-size-default\">Collecte des D\u00e9chets M\u00e9nagers<\/h3>\t\t<\/div>\n\t\t\t\t<\/div>\n\t\t\t\t<div class=\"elementor-element elementor-element-d92b3ce elementor-widget elementor-widget-text-editor\" data-id=\"d92b3ce\" data-element_type=\"widget\" data-widget_type=\"text-editor.default\">\n\t\t\t\t<div class=\"elementor-widget-container\">\n\t\t\t\t\t\t\t<p>SCI BATI HORIZON assure la collecte efficace des d\u00e9chets m\u00e9nagers, contribuant \u00e0 la propret\u00e9 et \u00e0 la sant\u00e9 publique. Nous utilisons des m\u00e9thodes de collecte modernes et respectueuses de l&rsquo;environnement.<\/p>\t\t\t\t\t\t<\/div>\n\t\t\t\t<\/div>\n\t\t\t\t<\/div>\n\t\t<div class=\"elementor-element elementor-element-b9fc6a9 e-con-full e-flex e-con e-child\" data-id=\"b9fc6a9\" data-element_type=\"container\">\n\t\t\t\t<div class=\"elementor-element elementor-element-0d1e06d elementor-widget elementor-widget-heading\" data-id=\"0d1e06d\" data-element_type=\"widget\" data-widget_type=\"heading.default\">\n\t\t\t\t<div class=\"elementor-widget-container\">\n\t\t\t<h3 class=\"elementor-heading-title elementor-size-default\">Gestion des D\u00e9ch\u00e8teries<\/h3>\t\t<\/div>\n\t\t\t\t<\/div>\n\t\t\t\t<div class=\"elementor-element elementor-element-744e683 elementor-widget elementor-widget-text-editor\" data-id=\"744e683\" data-element_type=\"widget\" data-widget_type=\"text-editor.default\">\n\t\t\t\t<div class=\"elementor-widget-container\">\n\t\t\t\t\t\t\t<p>Nous g\u00e9rons les d\u00e9ch\u00e8teries pour faciliter le tri, le recyclage et l&rsquo;\u00e9limination des d\u00e9chets. Nos services visent \u00e0 optimiser la gestion des d\u00e9chets tout en minimisant l&rsquo;impact environnemental.<\/p>\t\t\t\t\t\t<\/div>\n\t\t\t\t<\/div>\n\t\t\t\t<\/div>\n\t\t\t\t<\/div>\n\t\t\t\t\t<\/div>\n\t\t\t\t<\/div>\n\t\t<div class=\"elementor-element elementor-element-41d9c10 e-flex e-con-boxed e-con e-parent\" data-id=\"41d9c10\" data-element_type=\"container\">\n\t\t\t\t\t<div class=\"e-con-inner\">\n\t\t\t\t<div class=\"elementor-element elementor-element-795f3c2 elementor-widget elementor-widget-heading\" data-id=\"795f3c2\" data-element_type=\"widget\" data-widget_type=\"heading.default\">\n\t\t\t\t<div class=\"elementor-widget-container\">\n\t\t\t<h2 class=\"elementor-heading-title elementor-size-default\">Services Villes &amp; Ext\u00e9rieurs<\/h2>\t\t<\/div>\n\t\t\t\t<\/div>\n\t\t<div class=\"elementor-element elementor-element-7a7c84e e-con-full e-flex elementor-invisible e-con e-child\" data-id=\"7a7c84e\" data-element_type=\"container\" data-settings=\"{&quot;animation&quot;:&quot;fadeInDown&quot;}\">\n\t\t<div class=\"elementor-element elementor-element-ee291c3 e-con-full e-flex e-con e-child\" data-id=\"ee291c3\" data-element_type=\"container\">\n\t\t\t\t<div class=\"elementor-element elementor-element-b66baa4 elementor-widget elementor-widget-heading\" data-id=\"b66baa4\" data-element_type=\"widget\" data-widget_type=\"heading.default\">\n\t\t\t\t<div class=\"elementor-widget-container\">\n\t\t\t<h3 class=\"elementor-heading-title elementor-size-default\">Propret\u00e9 Urbaine<\/h3>\t\t<\/div>\n\t\t\t\t<\/div>\n\t\t\t\t<div class=\"elementor-element elementor-element-0b0744a elementor-widget elementor-widget-text-editor\" data-id=\"0b0744a\" data-element_type=\"widget\" data-widget_type=\"text-editor.default\">\n\t\t\t\t<div class=\"elementor-widget-container\">\n\t\t\t\t\t\t\t<p>Nos \u00e9quipes maintiennent la propret\u00e9 des espaces publics gr\u00e2ce \u00e0 des services r\u00e9guliers de nettoyage urbain. Nous veillons \u00e0 ce que les rues, les places et les espaces communs restent propres et accueillants.<\/p><p>\u00a0<\/p>\t\t\t\t\t\t<\/div>\n\t\t\t\t<\/div>\n\t\t\t\t<\/div>\n\t\t<div class=\"elementor-element elementor-element-3e0a2b0 e-con-full e-flex e-con e-child\" data-id=\"3e0a2b0\" data-element_type=\"container\">\n\t\t\t\t<div class=\"elementor-element elementor-element-f9aa3f9 elementor-widget elementor-widget-heading\" data-id=\"f9aa3f9\" data-element_type=\"widget\" data-widget_type=\"heading.default\">\n\t\t\t\t<div class=\"elementor-widget-container\">\n\t\t\t<h3 class=\"elementor-heading-title elementor-size-default\">\u00c9clairage Public<\/h3>\t\t<\/div>\n\t\t\t\t<\/div>\n\t\t\t\t<div class=\"elementor-element elementor-element-4cc6bd1 elementor-widget elementor-widget-text-editor\" data-id=\"4cc6bd1\" data-element_type=\"widget\" data-widget_type=\"text-editor.default\">\n\t\t\t\t<div class=\"elementor-widget-container\">\n\t\t\t\t\t\t\t<p><br \/>Nous fournissons des services d\u2019installation et de maintenance de l\u2019\u00e9clairage public pour garantir des espaces urbains bien \u00e9clair\u00e9s et s\u00e9curis\u00e9s. Nos solutions incluent l\u2019utilisation de technologies \u00e9co\u00e9nerg\u00e9tiques.<\/p>\t\t\t\t\t\t<\/div>\n\t\t\t\t<\/div>\n\t\t\t\t<\/div>\n\t\t<div class=\"elementor-element elementor-element-412f85e e-con-full e-flex e-con e-child\" data-id=\"412f85e\" data-element_type=\"container\">\n\t\t\t\t<div class=\"elementor-element elementor-element-df755fa elementor-widget elementor-widget-heading\" data-id=\"df755fa\" data-element_type=\"widget\" data-widget_type=\"heading.default\">\n\t\t\t\t<div class=\"elementor-widget-container\">\n\t\t\t<h3 class=\"elementor-heading-title elementor-size-default\">Affichage Urbain<\/h3>\t\t<\/div>\n\t\t\t\t<\/div>\n\t\t\t\t<div class=\"elementor-element elementor-element-1452d71 elementor-widget elementor-widget-text-editor\" data-id=\"1452d71\" data-element_type=\"widget\" data-widget_type=\"text-editor.default\">\n\t\t\t\t<div class=\"elementor-widget-container\">\n\t\t\t\t\t\t\t<p><br \/>Nous g\u00e9rons l&rsquo;affichage urbain, en installant et en maintenant des panneaux publicitaires et des enseignes. Nous veillons \u00e0 ce que l&rsquo;information soit visible et bien entretenue.<\/p>\t\t\t\t\t\t<\/div>\n\t\t\t\t<\/div>\n\t\t\t\t<\/div>\n\t\t<div class=\"elementor-element elementor-element-2e80ddc e-con-full e-flex e-con e-child\" data-id=\"2e80ddc\" data-element_type=\"container\">\n\t\t\t\t<div class=\"elementor-element elementor-element-d1e351d elementor-widget elementor-widget-heading\" data-id=\"d1e351d\" data-element_type=\"widget\" data-widget_type=\"heading.default\">\n\t\t\t\t<div class=\"elementor-widget-container\">\n\t\t\t<h3 class=\"elementor-heading-title elementor-size-default\">Maintenance de Mobilier Urbain<\/h3>\t\t<\/div>\n\t\t\t\t<\/div>\n\t\t\t\t<div class=\"elementor-element elementor-element-7864490 elementor-widget elementor-widget-text-editor\" data-id=\"7864490\" data-element_type=\"widget\" data-widget_type=\"text-editor.default\">\n\t\t\t\t<div class=\"elementor-widget-container\">\n\t\t\t\t\t\t\t<p>SCI BATI HORIZON assure la maintenance du mobilier urbain, incluant les bancs, les abris bus et autres \u00e9quipements publics. Nous garantissons leur bon \u00e9tat et leur fonctionnalit\u00e9.<\/p>\t\t\t\t\t\t<\/div>\n\t\t\t\t<\/div>\n\t\t\t\t<\/div>\n\t\t<div class=\"elementor-element elementor-element-ff4978a e-con-full e-flex e-con e-child\" data-id=\"ff4978a\" data-element_type=\"container\">\n\t\t\t\t<div class=\"elementor-element elementor-element-48f6519 elementor-widget elementor-widget-heading\" data-id=\"48f6519\" data-element_type=\"widget\" data-widget_type=\"heading.default\">\n\t\t\t\t<div class=\"elementor-widget-container\">\n\t\t\t<h3 class=\"elementor-heading-title elementor-size-default\">Espaces Verts \/ VRD<\/h3>\t\t<\/div>\n\t\t\t\t<\/div>\n\t\t\t\t<div class=\"elementor-element elementor-element-bacb901 elementor-widget elementor-widget-text-editor\" data-id=\"bacb901\" data-element_type=\"widget\" data-widget_type=\"text-editor.default\">\n\t\t\t\t<div class=\"elementor-widget-container\">\n\t\t\t\t\t\t\t<p>Nous prenons soin des espaces verts et assurons l\u2019am\u00e9nagement et la maintenance des voiries et r\u00e9seaux divers (VRD). Nos services comprennent la plantation, l\u2019entretien des parcs et jardins, ainsi que la gestion des infrastructures urbaines.<\/p>\t\t\t\t\t\t<\/div>\n\t\t\t\t<\/div>\n\t\t\t\t<\/div>\n\t\t\t\t<\/div>\n\t\t\t\t\t<\/div>\n\t\t\t\t<\/div>\n\t\t<div class=\"elementor-element elementor-element-11ef2a7 e-con-full e-flex e-con e-parent\" data-id=\"11ef2a7\" data-element_type=\"container\">\n\t\t\t\t<div class=\"elementor-element elementor-element-79bb7fd elementor-widget elementor-widget-shortcode\" data-id=\"79bb7fd\" data-element_type=\"widget\" data-widget_type=\"shortcode.default\">\n\t\t\t\t<div class=\"elementor-widget-container\">\n\t\t\t\t\t<div class=\"elementor-shortcode\">\t\t<div data-elementor-type=\"wp-post\" data-elementor-id=\"343\" class=\"elementor elementor-343\">\n\t\t\t\t<div class=\"elementor-element elementor-element-e0c8b0b e-con-full e-flex e-con e-parent\" data-id=\"e0c8b0b\" data-element_type=\"container\">\n\t\t\t\t<div class=\"elementor-element elementor-element-f17e2c4 elementor-widget elementor-widget-spacer\" data-id=\"f17e2c4\" data-element_type=\"widget\" data-widget_type=\"spacer.default\">\n\t\t\t\t<div class=\"elementor-widget-container\">\n\t\t\t\t\t<div class=\"elementor-spacer\">\n\t\t\t<div class=\"elementor-spacer-inner\"><\/div>\n\t\t<\/div>\n\t\t\t\t<\/div>\n\t\t\t\t<\/div>\n\t\t\t\t<div class=\"elementor-element elementor-element-3b15a94 elementor-widget elementor-widget-heading\" data-id=\"3b15a94\" data-element_type=\"widget\" data-widget_type=\"heading.default\">\n\t\t\t\t<div class=\"elementor-widget-container\">\n\t\t\t<h2 class=\"elementor-heading-title elementor-size-default\">Vous souhaitez un devis, une prise de contact ?<\/h2>\t\t<\/div>\n\t\t\t\t<\/div>\n\t\t\t\t<div class=\"elementor-element elementor-element-7feba73 elementor-widget elementor-widget-spacer\" data-id=\"7feba73\" data-element_type=\"widget\" data-widget_type=\"spacer.default\">\n\t\t\t\t<div class=\"elementor-widget-container\">\n\t\t\t\t\t<div class=\"elementor-spacer\">\n\t\t\t<div class=\"elementor-spacer-inner\"><\/div>\n\t\t<\/div>\n\t\t\t\t<\/div>\n\t\t\t\t<\/div>\n\t\t\t\t<div class=\"elementor-element elementor-element-8ea514d elementor-align-center elementor-widget elementor-widget-button\" data-id=\"8ea514d\" data-element_type=\"widget\" data-widget_type=\"button.default\">\n\t\t\t\t<div class=\"elementor-widget-container\">\n\t\t\t\t\t\t\t<div class=\"elementor-button-wrapper\">\n\t\t\t\t\t<a class=\"elementor-button elementor-button-link elementor-size-sm\" href=\"https:\/\/scibatihorizon.com\/index.php\/contactez-nous\/\">\n\t\t\t\t\t\t<span class=\"elementor-button-content-wrapper\">\n\t\t\t\t\t\t\t\t\t<span class=\"elementor-button-text\">Contactez-nous<\/span>\n\t\t\t\t\t<\/span>\n\t\t\t\t\t<\/a>\n\t\t\t\t<\/div>\n\t\t\t\t\t\t<\/div>\n\t\t\t\t<\/div>\n\t\t\t\t<\/div>\n\t\t\t\t<\/div>\n\t\t<\/div>\n\t\t\t\t<\/div>\n\t\t\t\t<\/div>\n\t\t\t\t<\/div>\n\t\t\t\t<\/div>\n\t\t","protected":false},"excerpt":{"rendered":"<p>Solution Espace Urbain Services R\u00e9seaux &#038; Collecte Traitement de l\u2019Eau Nous offrons des solutions de traitement de l\u2019eau pour assurer une eau propre et potable. Nos services incluent la purification, la filtration et la gestion des syst\u00e8mes de distribution d&rsquo;eau. \u00a0 Collecte des D\u00e9chets M\u00e9nagers SCI BATI HORIZON assure la collecte efficace des d\u00e9chets m\u00e9nagers,&#8230;<\/p>\n","protected":false},"author":1,"featured_media":0,"parent":0,"menu_order":0,"comment_status":"closed","ping_status":"closed","template":"","meta":{"_kad_post_transparent":"","_kad_post_title":"hide","_kad_post_layout":"fullwidth","_kad_post_sidebar_id":"","_kad_post_content_style":"unboxed","_kad_post_vertical_padding":"hide","_kad_post_feature":"hide","_kad_post_feature_position":"","_kad_post_header":false,"_kad_post_footer":false,"footnotes":""},"class_list":["post-27","page","type-page","status-publish","hentry"],"_links":{"self":[{"href":"https:\/\/scibatihorizon.com\/index.php\/wp-json\/wp\/v2\/pages\/27","targetHints":{"allow":["GET"]}}],"collection":[{"href":"https:\/\/scibatihorizon.com\/index.php\/wp-json\/wp\/v2\/pages"}],"about":[{"href":"https:\/\/scibatihorizon.com\/index.php\/wp-json\/wp\/v2\/types\/page"}],"author":[{"embeddable":true,"href":"https:\/\/scibatihorizon.com\/index.php\/wp-json\/wp\/v2\/users\/1"}],"replies":[{"embeddable":true,"href":"https:\/\/scibatihorizon.com\/index.php\/wp-json\/wp\/v2\/comments?post=27"}],"version-history":[{"count":9,"href":"https:\/\/scibatihorizon.com\/index.php\/wp-json\/wp\/v2\/pages\/27\/revisions"}],"predecessor-version":[{"id":417,"href":"https:\/\/scibatihorizon.com\/index.php\/wp-json\/wp\/v2\/pages\/27\/revisions\/417"}],"wp:attachment":[{"href":"https:\/\/scibatihorizon.com\/index.php\/wp-json\/wp\/v2\/media?parent=27"}],"curies":[{"name":"wp","href":"https:\/\/api.w.org\/{rel}","templated":true}]}}