{"id":639,"date":"2024-10-08T13:07:21","date_gmt":"2024-10-08T11:07:21","guid":{"rendered":"https:\/\/scibatihorizon.com\/?page_id=639"},"modified":"2024-10-08T13:12:14","modified_gmt":"2024-10-08T11:12:14","slug":"mentions-legale","status":"publish","type":"page","link":"https:\/\/scibatihorizon.com\/index.php\/mentions-legale\/","title":{"rendered":"Mentions l\u00e9gales"},"content":{"rendered":"\t\t<div data-elementor-type=\"wp-page\" data-elementor-id=\"639\" class=\"elementor elementor-639\">\n\t\t\t\t<div class=\"elementor-element elementor-element-9ad2d9a e-flex e-con-boxed e-con e-parent\" data-id=\"9ad2d9a\" data-element_type=\"container\">\n\t\t\t\t\t<div class=\"e-con-inner\">\n\t\t\t\t<div class=\"elementor-element elementor-element-bacb973 elementor-widget elementor-widget-text-editor\" data-id=\"bacb973\" data-element_type=\"widget\" data-widget_type=\"text-editor.default\">\n\t\t\t\t<div class=\"elementor-widget-container\">\n\t\t\t\t\t\t\t<h1><span style=\"color: #008000;\">MENTIONS L\u00c9GALES<\/span><\/h1><p><strong>Responsable \u00e9ditorial :<\/strong><br \/><strong>SCIBAT IHORIZON<\/strong><br \/>Cocody Lyc\u00e9e Technique<br \/>08 BP 880 Abidjan 08<br \/>Soci\u00e9t\u00e9 sp\u00e9cialis\u00e9e dans le BTP et les prestations de services.<br \/>Cr\u00e9\u00e9e par M. Youssouf YAGO, cadre dynamique ivoirien.<br \/><strong>T\u00e9l\u00e9phone<\/strong> : +225 27 22 44 53 44 \/ 07 07 37 33 73<br \/><strong>E-mail<\/strong> : <a rel=\"noopener\">scibatihorizon@gmail.com<\/a><br \/><strong>Site web<\/strong> : <a href=\"https:\/\/www.scibatihorizon.com\" target=\"_new\" rel=\"noopener\">www.scibatihorizon.com<\/a><\/p><p><strong>H\u00e9bergeur :<\/strong><br \/>OVH<br \/>2 rue Kellermann<br \/>59100 Roubaix<br \/>France<br \/><strong>T\u00e9l\u00e9phone<\/strong> : +33 (0)9 72 10 10 07<br \/>Site web : <a href=\"https:\/\/www.ovh.com\" target=\"_new\" rel=\"noopener\">https:\/\/www.ovh.com<\/a><\/p><p><strong>Propri\u00e9t\u00e9 intellectuelle :<\/strong><br \/>Ce site internet et son contenu sont la propri\u00e9t\u00e9 exclusive de <strong>SCIBAT IHORIZON<\/strong>, sauf mention contraire. Toute reproduction, m\u00eame partielle, est strictement interdite sans autorisation pr\u00e9alable.<\/p><p><strong>Protection des donn\u00e9es personnelles :<\/strong><br \/>Les informations collect\u00e9es via ce site sont destin\u00e9es \u00e0 la gestion des projets et au rappel client.<br \/>Conform\u00e9ment \u00e0 la loi \u00ab Informatique et Libert\u00e9s \u00bb du 6 janvier 1978 modifi\u00e9e, ainsi qu\u2019au R\u00e8glement G\u00e9n\u00e9ral sur la Protection des Donn\u00e9es (RGPD), vous disposez d\u2019un droit d\u2019acc\u00e8s, de rectification et de suppression des donn\u00e9es vous concernant. Pour exercer ce droit, veuillez nous contacter \u00e0 : <strong><a rel=\"noopener\">scibatihorizon@gmail.com<\/a><\/strong>.<\/p><p><strong>Cookies :<\/strong><br \/>Ce site utilise des cookies pour am\u00e9liorer l\u2019exp\u00e9rience utilisateur. En naviguant sur ce site, vous acceptez l\u2019utilisation de cookies.<\/p><p><strong>Liens externes :<\/strong><br \/>Ce site peut contenir des liens vers des sites externes sur lesquels <strong>SCIBAT IHORIZON<\/strong> n\u2019a aucun contr\u00f4le. Par cons\u00e9quent, <strong>SCIBAT IHORIZON<\/strong> d\u00e9cline toute responsabilit\u00e9 quant au contenu de ces sites externes.<\/p><p><strong>Limitation de responsabilit\u00e9 :<\/strong><\/p><ul><li><strong>Disponibilit\u00e9 du site<\/strong> : Nous nous effor\u00e7ons de maintenir le site accessible 24 heures sur 24, 7 jours sur 7. Cependant, nous ne pouvons garantir une disponibilit\u00e9 ininterrompue et sans erreur du site, et nous d\u00e9clinons toute responsabilit\u00e9 en cas d\u2019indisponibilit\u00e9 temporaire ou permanente du site.<\/li><li><strong>Exactitude des informations<\/strong> : Les informations fournies sur ce site sont fournies \u00e0 titre informatif uniquement. Nous nous effor\u00e7ons de les maintenir \u00e0 jour et exactes, mais nous ne garantissons pas leur exhaustivit\u00e9 ni leur exactitude. Par cons\u00e9quent, nous d\u00e9clinons toute responsabilit\u00e9 pour toute inexactitude, erreur ou omission dans les informations fournies sur ce site.<\/li><li><strong>Utilisation du site<\/strong> : L\u2019utilisation de ce site se fait \u00e0 vos propres risques. Nous ne serons pas responsables des dommages directs, indirects, accessoires ou cons\u00e9cutifs d\u00e9coulant de votre utilisation de ce site ou de votre incapacit\u00e9 \u00e0 utiliser ce site, y compris, mais sans s\u2019y limiter, les dommages pour perte de profits, de donn\u00e9es ou d\u2019utilisation.<\/li><li><strong>Contenu tiers<\/strong> : Ce site peut contenir des liens vers des sites tiers ou des contenus fournis par des tiers. Ces liens sont fournis uniquement pour votre commodit\u00e9 et ne constituent pas une approbation de leur contenu. Nous d\u00e9clinons toute responsabilit\u00e9 quant au contenu de ces sites tiers et ne sommes pas responsables de leur disponibilit\u00e9 ou de leur exactitude.<\/li><li><strong>S\u00e9curit\u00e9<\/strong> : Nous mettons en place des mesures de s\u00e9curit\u00e9 raisonnables pour prot\u00e9ger ce site contre les virus, les attaques malveillantes et les intrusions. Cependant, nous ne pouvons garantir que ce site sera exempt de bugs, de virus ou d\u2019autres \u00e9l\u00e9ments nuisibles, et nous d\u00e9clinons toute responsabilit\u00e9 pour tout dommage r\u00e9sultant de telles circonstances.<\/li><\/ul><p><strong>Modification des conditions :<\/strong><br \/>Nous nous r\u00e9servons le droit de modifier les pr\u00e9sentes mentions l\u00e9gales \u00e0 tout moment et sans pr\u00e9avis. Il est de votre responsabilit\u00e9 de consulter r\u00e9guli\u00e8rement cette page pour prendre connaissance des \u00e9ventuelles modifications. L\u2019utilisation continue du site apr\u00e8s de telles modifications constitue votre acceptation desdites modifications.<\/p><p><strong>Droit applicable et juridiction comp\u00e9tente :<\/strong><br \/>Tout litige relatif \u00e0 l\u2019utilisation de ce site est soumis au droit ivoirien. En cas de litige, les tribunaux comp\u00e9tents seront ceux situ\u00e9s en C\u00f4te d&rsquo;Ivoire, sauf disposition l\u00e9gale contraire.<\/p><p>Pour toute question, contactez-nous \u00e0 : <strong><a rel=\"noopener\">scibatihorizon@gmail.com<\/a><\/strong>.<\/p>\t\t\t\t\t\t<\/div>\n\t\t\t\t<\/div>\n\t\t\t\t\t<\/div>\n\t\t\t\t<\/div>\n\t\t<div class=\"elementor-element elementor-element-a089565 e-flex e-con-boxed e-con e-parent\" data-id=\"a089565\" data-element_type=\"container\">\n\t\t\t\t\t<div class=\"e-con-inner\">\n\t\t<div class=\"elementor-element elementor-element-247fbe7 e-con-full e-flex e-con e-child\" data-id=\"247fbe7\" data-element_type=\"container\">\n\t\t\t\t<div class=\"elementor-element elementor-element-8bd0b45 elementor-widget elementor-widget-heading\" data-id=\"8bd0b45\" data-element_type=\"widget\" data-widget_type=\"heading.default\">\n\t\t\t\t<div class=\"elementor-widget-container\">\n\t\t\t<h2 class=\"elementor-heading-title elementor-size-default\">Cr\u00e9ation du site internet scibatihorizon.com<\/h2>\t\t<\/div>\n\t\t\t\t<\/div>\n\t\t\t\t<div class=\"elementor-element elementor-element-b6cf644 elementor-widget elementor-widget-text-editor\" data-id=\"b6cf644\" data-element_type=\"widget\" data-widget_type=\"text-editor.default\">\n\t\t\t\t<div class=\"elementor-widget-container\">\n\t\t\t\t\t\t\t<div class=\"elementor-element elementor-element-c664958 e-con-full e-flex e-con e-child\" data-id=\"c664958\" data-element_type=\"container\"><div class=\"elementor-element elementor-element-cc2aec9 elementor-widget elementor-widget-text-editor\" data-id=\"cc2aec9\" data-element_type=\"widget\" data-widget_type=\"text-editor.default\"><div class=\"elementor-widget-container\"><div class=\"elementor-element elementor-element-7458eaa e-con-full e-flex e-con e-child\" data-id=\"7458eaa\" data-element_type=\"container\" data-settings=\"{&quot;content_width&quot;:&quot;full&quot;}\"><div class=\"elementor-element elementor-element-69e0ccc elementor-widget elementor-widget-text-editor\" data-id=\"69e0ccc\" data-element_type=\"widget\" data-widget_type=\"text-editor.default\"><div class=\"elementor-widget-container\"><div class=\"elementor-element elementor-element-257843c e-flex e-con-boxed e-con e-parent\" data-id=\"257843c\" data-element_type=\"container\" data-settings=\"{&quot;content_width&quot;:&quot;boxed&quot;}\" data-core-v316-plus=\"true\"><div class=\"e-con-inner\"><div class=\"elementor-element elementor-element-e4dbbde e-con-full e-flex e-con e-child\" data-id=\"e4dbbde\" data-element_type=\"container\" data-settings=\"{&quot;content_width&quot;:&quot;full&quot;}\"><div class=\"elementor-element elementor-element-873cf88 elementor-widget elementor-widget-text-editor\" data-id=\"873cf88\" data-element_type=\"widget\" data-widget_type=\"text-editor.default\"><div class=\"elementor-widget-container\"><h4 class=\"widget-title\">\u00a0<\/h4><div class=\"siteorigin-widget-tinymce textwidget\"><ul><li><b>Nom:\u00a0<\/b>Bettendroffer<br \/><b><\/b><\/li><li><b>Pr\u00e9noms:\u00a0<\/b>Lise<br \/><b><\/b><\/li><li><b>Raison sociale:\u00a0<\/b>Auto-Entrepreneur<br \/><b><\/b><\/li><li><b>N\u00b0 SIRET:\u00a0<\/b>89743029400016<br \/><b><\/b><\/li><li><b>Adresse:\u00a0<\/b>337D Chemin de Valaves 83560 Rians<br \/><b><\/b><\/li><li><b>T\u00e9l\u00e9phone:\u00a0<\/b>0615950678<br \/><b><\/b><\/li><li><b>Mail:\u00a0<\/b><a href=\"https:\/\/liseaweb.com\/\" target=\"_blank\" rel=\"noopener\">sitepro@liseaweb.com<\/a><\/li><li><strong>Site<\/strong>\u00a0:\u00a0<a href=\"https:\/\/liseaweb.com\/\">https:\/\/liseaweb.com<\/a><\/li><\/ul><\/div><\/div><\/div><\/div><div class=\"elementor-element elementor-element-ab927f9 e-con-full e-flex e-con e-child\" data-id=\"ab927f9\" data-element_type=\"container\" data-settings=\"{&quot;content_width&quot;:&quot;full&quot;}\"><div class=\"elementor-element elementor-element-df72abe elementor-widget elementor-widget-text-editor\" data-id=\"df72abe\" data-element_type=\"widget\" data-widget_type=\"text-editor.default\"><div class=\"elementor-widget-container\">\u00a0<\/div><\/div><\/div><\/div><\/div><div class=\"elementor-element elementor-element-db9840 e-flex e-con-boxed e-con e-parent\" data-id=\"db9840\" data-element_type=\"container\" data-settings=\"{&quot;content_width&quot;:&quot;boxed&quot;}\" data-core-v316-plus=\"true\"><div class=\"e-con-inner\"><div class=\"elementor-element elementor-element-5dadb185 elementor-widget elementor-widget-text-editor\" data-id=\"5dadb185\" data-element_type=\"widget\" data-widget_type=\"text-editor.default\"><div class=\"elementor-widget-container\">\u00a0<\/div><\/div><\/div><\/div><\/div><\/div><\/div><div class=\"elementor-element elementor-element-26260a0 e-con-full e-flex e-con e-child\" data-id=\"26260a0\" data-element_type=\"container\" data-settings=\"{&quot;content_width&quot;:&quot;full&quot;}\"><div class=\"elementor-element elementor-element-e3b9b15 elementor-widget elementor-widget-text-editor\" data-id=\"e3b9b15\" data-element_type=\"widget\" data-widget_type=\"text-editor.default\"><div class=\"elementor-widget-container\">\u00a0<\/div><\/div><\/div><\/div><\/div><\/div><div class=\"elementor-element elementor-element-a37aafc e-con-full e-flex e-con e-child\" data-id=\"a37aafc\" data-element_type=\"container\"><div class=\"elementor-element elementor-element-518acd9 elementor-widget elementor-widget-text-editor\" data-id=\"518acd9\" data-element_type=\"widget\" data-widget_type=\"text-editor.default\"><div class=\"elementor-widget-container\">\u00a0<\/div><\/div><\/div>\t\t\t\t\t\t<\/div>\n\t\t\t\t<\/div>\n\t\t\t\t<\/div>\n\t\t<div class=\"elementor-element elementor-element-ba73de7 e-con-full e-flex e-con e-child\" data-id=\"ba73de7\" data-element_type=\"container\">\n\t\t\t\t<div class=\"elementor-element elementor-element-e82afab elementor-widget elementor-widget-text-editor\" data-id=\"e82afab\" data-element_type=\"widget\" data-widget_type=\"text-editor.default\">\n\t\t\t\t<div class=\"elementor-widget-container\">\n\t\t\t\t\t\t\t<p><strong>Responsabilit\u00e9s<\/strong><\/p><p>En tant que cr\u00e9atrice du site scibatihorizon.com, Lise Bettendroffer d\u00e9clare que sa responsabilit\u00e9 ne peut \u00eatre engag\u00e9e pour tous les d\u00e9sagr\u00e9ments ou dommages li\u00e9s \u00e0 l\u2019utilisation d\u2019Internet, tels qu\u2019une interruption de service, une intrusion ext\u00e9rieure, la pr\u00e9sence de virus informatiques, ou tout \u00e9v\u00e9nement consid\u00e9r\u00e9 comme un cas de force majeure, conform\u00e9ment \u00e0 la jurisprudence.<\/p><p>Malgr\u00e9 le soin minutieux apport\u00e9 \u00e0 la conception de ce site, Lise Bettendroffer ne peut \u00eatre tenue responsable d\u2019\u00e9ventuelles erreurs qui pourraient s\u2019y trouver. De plus, elle ne saurait \u00eatre tenue responsable en cas de pr\u00e9sence de contenu inappropri\u00e9 sur le site, ni en cas de d\u00e9t\u00e9rioration du site, \u00e9tant donn\u00e9 que l\u2019entreprise Scibatihorizon d\u00e9tient les droits d\u2019administration du site web scibatihorizon.com.<\/p>\t\t\t\t\t\t<\/div>\n\t\t\t\t<\/div>\n\t\t\t\t<\/div>\n\t\t\t\t\t<\/div>\n\t\t\t\t<\/div>\n\t\t\t\t<\/div>\n\t\t","protected":false},"excerpt":{"rendered":"<p>MENTIONS L\u00c9GALES Responsable \u00e9ditorial :SCIBAT IHORIZONCocody Lyc\u00e9e Technique08 BP 880 Abidjan 08Soci\u00e9t\u00e9 sp\u00e9cialis\u00e9e dans le BTP et les prestations de services.Cr\u00e9\u00e9e par M. Youssouf YAGO, cadre dynamique ivoirien.T\u00e9l\u00e9phone : +225 27 22 44 53 44 \/ 07 07 37 33 73E-mail : scibatihorizon@gmail.comSite web : www.scibatihorizon.com H\u00e9bergeur :OVH2 rue Kellermann59100 RoubaixFranceT\u00e9l\u00e9phone : +33 (0)9 72&#8230;<\/p>\n","protected":false},"author":1,"featured_media":0,"parent":0,"menu_order":0,"comment_status":"closed","ping_status":"closed","template":"","meta":{"_kad_post_transparent":"","_kad_post_title":"hide","_kad_post_layout":"fullwidth","_kad_post_sidebar_id":"","_kad_post_content_style":"unboxed","_kad_post_vertical_padding":"hide","_kad_post_feature":"hide","_kad_post_feature_position":"","_kad_post_header":false,"_kad_post_footer":false,"footnotes":""},"class_list":["post-639","page","type-page","status-publish","hentry"],"_links":{"self":[{"href":"https:\/\/scibatihorizon.com\/index.php\/wp-json\/wp\/v2\/pages\/639","targetHints":{"allow":["GET"]}}],"collection":[{"href":"https:\/\/scibatihorizon.com\/index.php\/wp-json\/wp\/v2\/pages"}],"about":[{"href":"https:\/\/scibatihorizon.com\/index.php\/wp-json\/wp\/v2\/types\/page"}],"author":[{"embeddable":true,"href":"https:\/\/scibatihorizon.com\/index.php\/wp-json\/wp\/v2\/users\/1"}],"replies":[{"embeddable":true,"href":"https:\/\/scibatihorizon.com\/index.php\/wp-json\/wp\/v2\/comments?post=639"}],"version-history":[{"count":11,"href":"https:\/\/scibatihorizon.com\/index.php\/wp-json\/wp\/v2\/pages\/639\/revisions"}],"predecessor-version":[{"id":650,"href":"https:\/\/scibatihorizon.com\/index.php\/wp-json\/wp\/v2\/pages\/639\/revisions\/650"}],"wp:attachment":[{"href":"https:\/\/scibatihorizon.com\/index.php\/wp-json\/wp\/v2\/media?parent=639"}],"curies":[{"name":"wp","href":"https:\/\/api.w.org\/{rel}","templated":true}]}}